{"id":8037,"date":"2025-09-26T12:34:47","date_gmt":"2025-09-26T12:34:47","guid":{"rendered":"https:\/\/www.childrensfootballalliance.com\/football-and-peace\/?page_id=8037"},"modified":"2026-01-30T11:31:28","modified_gmt":"2026-01-30T11:31:28","slug":"slovenia","status":"publish","type":"page","link":"https:\/\/www.childrensfootballalliance.com\/football-and-peace\/slovenia\/","title":{"rendered":"SLOVENIA"},"content":{"rendered":"\n<h1 class=\"wp-block-heading has-text-align-center\">O\u0160 Belokranjskega odreda Semi\u010d<\/h1>\n\n\n\n<h2 class=\"wp-block-heading has-text-align-center\">Playground of Peace at Semi\u010d Elementary School<\/h2>\n\n\n\n<p>Written by:&nbsp;Vanja Vukmanovi\u0107, Matej Matkovi\u010d&nbsp;&nbsp;Last Updated: 06 November 2025<\/p>\n\n\n\n<p>The Semi\u010d Elementary School has recently entered the Peace Pitch project. The project is based on a famous event from the First World War, when on Christmas Day 1914, French, British and German soldiers left the trenches and socialized with each other in no man&#8217;s land, where fierce fighting had previously taken place. In addition to singing and exchanging food, they also played a football game.<\/p>\n\n\n\n<figure class=\"wp-block-gallery has-nested-images columns-default is-cropped wp-block-gallery-1 is-layout-flex wp-block-gallery-is-layout-flex\">\n<figure class=\"wp-block-image size-large\"><a href=\"https:\/\/www.childrensfootballalliance.com\/football-and-peace\/wp-content\/uploads\/2026\/01\/PLAYGROUND.jpeg\"><img loading=\"lazy\" decoding=\"async\" width=\"700\" height=\"467\" data-id=\"8126\" src=\"https:\/\/www.childrensfootballalliance.com\/football-and-peace\/wp-content\/uploads\/2026\/01\/PLAYGROUND.jpeg\" alt=\"\" class=\"wp-image-8126\" srcset=\"https:\/\/www.childrensfootballalliance.com\/football-and-peace\/wp-content\/uploads\/2026\/01\/PLAYGROUND.jpeg 700w, https:\/\/www.childrensfootballalliance.com\/football-and-peace\/wp-content\/uploads\/2026\/01\/PLAYGROUND-300x200.jpeg 300w\" sizes=\"(max-width: 700px) 100vw, 700px\" \/><\/a><\/figure>\n\n\n\n<figure class=\"wp-block-image size-large\"><a href=\"https:\/\/www.childrensfootballalliance.com\/football-and-peace\/wp-content\/uploads\/2026\/01\/PEACE-POPPY-BALL.jpeg\"><img loading=\"lazy\" decoding=\"async\" width=\"700\" height=\"467\" data-id=\"8125\" src=\"https:\/\/www.childrensfootballalliance.com\/football-and-peace\/wp-content\/uploads\/2026\/01\/PEACE-POPPY-BALL.jpeg\" alt=\"\" class=\"wp-image-8125\" srcset=\"https:\/\/www.childrensfootballalliance.com\/football-and-peace\/wp-content\/uploads\/2026\/01\/PEACE-POPPY-BALL.jpeg 700w, https:\/\/www.childrensfootballalliance.com\/football-and-peace\/wp-content\/uploads\/2026\/01\/PEACE-POPPY-BALL-300x200.jpeg 300w\" sizes=\"(max-width: 700px) 100vw, 700px\" \/><\/a><\/figure>\n\n\n\n<figure class=\"wp-block-image size-large\"><a href=\"https:\/\/www.childrensfootballalliance.com\/football-and-peace\/wp-content\/uploads\/2026\/01\/MATTI.jpeg\"><img loading=\"lazy\" decoding=\"async\" width=\"700\" height=\"467\" data-id=\"8124\" src=\"https:\/\/www.childrensfootballalliance.com\/football-and-peace\/wp-content\/uploads\/2026\/01\/MATTI.jpeg\" alt=\"\" class=\"wp-image-8124\" srcset=\"https:\/\/www.childrensfootballalliance.com\/football-and-peace\/wp-content\/uploads\/2026\/01\/MATTI.jpeg 700w, https:\/\/www.childrensfootballalliance.com\/football-and-peace\/wp-content\/uploads\/2026\/01\/MATTI-300x200.jpeg 300w\" sizes=\"(max-width: 700px) 100vw, 700px\" \/><\/a><\/figure>\n\n\n\n<figure class=\"wp-block-image size-large\"><a href=\"https:\/\/www.childrensfootballalliance.com\/football-and-peace\/wp-content\/uploads\/2026\/01\/ASSEMBLY.jpeg\"><img loading=\"lazy\" decoding=\"async\" width=\"700\" height=\"467\" data-id=\"8123\" src=\"https:\/\/www.childrensfootballalliance.com\/football-and-peace\/wp-content\/uploads\/2026\/01\/ASSEMBLY.jpeg\" alt=\"\" class=\"wp-image-8123\" srcset=\"https:\/\/www.childrensfootballalliance.com\/football-and-peace\/wp-content\/uploads\/2026\/01\/ASSEMBLY.jpeg 700w, https:\/\/www.childrensfootballalliance.com\/football-and-peace\/wp-content\/uploads\/2026\/01\/ASSEMBLY-300x200.jpeg 300w\" sizes=\"(max-width: 700px) 100vw, 700px\" \/><\/a><\/figure>\n<\/figure>\n\n\n\n<p>The Peace Playground project, sponsored by the United Nations and the English Football League, aims to establish 100 peace playgrounds around the world, where the main focus will be on promoting peace and friendship and fair play. The Semi\u010d Primary School became the 82nd peace playground in the project and also the first peace playground in Slovenia. We also acquired the famous red soccer ball, which is a replica of the ball used during the 1st St. Anthony. They played the game. The red color represents the red poppy, which is a symbol of the memory of the football match, a symbol of respect and unity.<\/p>\n\n\n\n<p>We marked the entry into the project with a football tournament between classes. This school year, we are planning quite a few more activities related to the Playground of Peace.<\/p>\n\n\n\n<p>The first-ever peace pitch in Slovenia has been inspired by the International Peace Field Project and Croatia&#8217;s International Peace Field Project Manager, Igor Jovanovi\u0107, Head of History Teacher, at Pula&#8217;s Veli Vrh Elementary School.  <\/p>\n\n\n\n<figure class=\"wp-block-image size-full\"><a href=\"https:\/\/www.childrensfootballalliance.com\/football-and-peace\/wp-content\/uploads\/2025\/09\/WhatsApp-Image-2025-09-25-at-22.13.18_9d567357.jpg\"><img loading=\"lazy\" decoding=\"async\" width=\"1000\" height=\"750\" src=\"https:\/\/www.childrensfootballalliance.com\/football-and-peace\/wp-content\/uploads\/2025\/09\/WhatsApp-Image-2025-09-25-at-22.13.18_9d567357.jpg\" alt=\"\" class=\"wp-image-8038\" srcset=\"https:\/\/www.childrensfootballalliance.com\/football-and-peace\/wp-content\/uploads\/2025\/09\/WhatsApp-Image-2025-09-25-at-22.13.18_9d567357.jpg 1000w, https:\/\/www.childrensfootballalliance.com\/football-and-peace\/wp-content\/uploads\/2025\/09\/WhatsApp-Image-2025-09-25-at-22.13.18_9d567357-300x225.jpg 300w, https:\/\/www.childrensfootballalliance.com\/football-and-peace\/wp-content\/uploads\/2025\/09\/WhatsApp-Image-2025-09-25-at-22.13.18_9d567357-768x576.jpg 768w\" sizes=\"(max-width: 1000px) 100vw, 1000px\" \/><\/a><\/figure>\n\n\n\n<h4 class=\"wp-block-heading\">In front of the iconic Pula Arena, the Roman amphitheatre built in the 1st century AD, located in the city of Pula, Croatia, Toma\u017e Pavlakovi\u010d, Headmaster, at O\u0160 Belokranjskega odreda Semi\u010d, Slovenia, is presented a commemorative peace poppy football by Igor Jovanovi\u0107.<\/h4>\n\n\n\n<p>The presentation welcomes <a href=\"https:\/\/www.osbos.si\/\" data-type=\"link\" data-id=\"https:\/\/www.osbos.si\/\" target=\"_blank\" rel=\"noreferrer noopener\"><strong>O\u0160 Belokranjskega odreda Semi\u010d<\/strong><\/a> onto the <strong><a href=\"https:\/\/www.childrensfootballalliance.com\/football-and-peace\/international\/international-peace-field-projects\/\" data-type=\"link\" data-id=\"https:\/\/www.childrensfootballalliance.com\/football-and-peace\/international\/international-peace-field-projects\/\" target=\"_blank\" rel=\"noreferrer noopener\">International Peace Field Projects<\/a><\/strong>.  Toma\u017e, said, &#8216;<strong>The school is looking forward to organising their Peace Field Project, peace pitch and twinning their designated area of play with the<\/strong> <strong><a href=\"https:\/\/www.childrensfootballalliance.com\/football-and-peace\/belgium\/\" data-type=\"link\" data-id=\"https:\/\/www.childrensfootballalliance.com\/football-and-peace\/belgium\/\">Peace Village Peace Pitch, Flanders, Belgium<\/a>.<\/strong> <\/p>\n\n\n\n<figure class=\"wp-block-gallery has-nested-images columns-default is-cropped wp-block-gallery-2 is-layout-flex wp-block-gallery-is-layout-flex\">\n<figure class=\"wp-block-image size-large\"><a href=\"https:\/\/www.childrensfootballalliance.com\/football-and-peace\/wp-content\/uploads\/2025\/09\/WhatsApp-Image-2025-09-26-at-11.50.59_f2daa267.jpg\"><img loading=\"lazy\" decoding=\"async\" width=\"750\" height=\"1000\" data-id=\"8039\" src=\"https:\/\/www.childrensfootballalliance.com\/football-and-peace\/wp-content\/uploads\/2025\/09\/WhatsApp-Image-2025-09-26-at-11.50.59_f2daa267.jpg\" alt=\"\" class=\"wp-image-8039\" srcset=\"https:\/\/www.childrensfootballalliance.com\/football-and-peace\/wp-content\/uploads\/2025\/09\/WhatsApp-Image-2025-09-26-at-11.50.59_f2daa267.jpg 750w, https:\/\/www.childrensfootballalliance.com\/football-and-peace\/wp-content\/uploads\/2025\/09\/WhatsApp-Image-2025-09-26-at-11.50.59_f2daa267-225x300.jpg 225w\" sizes=\"(max-width: 750px) 100vw, 750px\" \/><\/a><\/figure>\n\n\n\n<figure class=\"wp-block-image size-large\"><a href=\"https:\/\/www.childrensfootballalliance.com\/football-and-peace\/wp-content\/uploads\/2025\/09\/WhatsApp-Image-2025-09-26-at-11.51.00_a5d617c3.jpg\"><img loading=\"lazy\" decoding=\"async\" width=\"750\" height=\"1000\" data-id=\"8043\" src=\"https:\/\/www.childrensfootballalliance.com\/football-and-peace\/wp-content\/uploads\/2025\/09\/WhatsApp-Image-2025-09-26-at-11.51.00_a5d617c3.jpg\" alt=\"\" class=\"wp-image-8043\" srcset=\"https:\/\/www.childrensfootballalliance.com\/football-and-peace\/wp-content\/uploads\/2025\/09\/WhatsApp-Image-2025-09-26-at-11.51.00_a5d617c3.jpg 750w, https:\/\/www.childrensfootballalliance.com\/football-and-peace\/wp-content\/uploads\/2025\/09\/WhatsApp-Image-2025-09-26-at-11.51.00_a5d617c3-225x300.jpg 225w\" sizes=\"(max-width: 750px) 100vw, 750px\" \/><\/a><\/figure>\n\n\n\n<figure class=\"wp-block-image size-large\"><a href=\"https:\/\/www.childrensfootballalliance.com\/football-and-peace\/wp-content\/uploads\/2025\/09\/WhatsApp-Image-2025-09-26-at-11.51.09_1558447f.jpg\"><img loading=\"lazy\" decoding=\"async\" width=\"1000\" height=\"750\" data-id=\"8040\" src=\"https:\/\/www.childrensfootballalliance.com\/football-and-peace\/wp-content\/uploads\/2025\/09\/WhatsApp-Image-2025-09-26-at-11.51.09_1558447f.jpg\" alt=\"\" class=\"wp-image-8040\" srcset=\"https:\/\/www.childrensfootballalliance.com\/football-and-peace\/wp-content\/uploads\/2025\/09\/WhatsApp-Image-2025-09-26-at-11.51.09_1558447f.jpg 1000w, https:\/\/www.childrensfootballalliance.com\/football-and-peace\/wp-content\/uploads\/2025\/09\/WhatsApp-Image-2025-09-26-at-11.51.09_1558447f-300x225.jpg 300w, https:\/\/www.childrensfootballalliance.com\/football-and-peace\/wp-content\/uploads\/2025\/09\/WhatsApp-Image-2025-09-26-at-11.51.09_1558447f-768x576.jpg 768w\" sizes=\"(max-width: 1000px) 100vw, 1000px\" \/><\/a><\/figure>\n\n\n\n<figure class=\"wp-block-image size-large\"><a href=\"https:\/\/www.childrensfootballalliance.com\/football-and-peace\/wp-content\/uploads\/2025\/09\/WhatsApp-Image-2025-09-26-at-11.51.09_b5e5a98d.jpg\"><img loading=\"lazy\" decoding=\"async\" width=\"750\" height=\"1000\" data-id=\"8042\" src=\"https:\/\/www.childrensfootballalliance.com\/football-and-peace\/wp-content\/uploads\/2025\/09\/WhatsApp-Image-2025-09-26-at-11.51.09_b5e5a98d.jpg\" alt=\"\" class=\"wp-image-8042\" srcset=\"https:\/\/www.childrensfootballalliance.com\/football-and-peace\/wp-content\/uploads\/2025\/09\/WhatsApp-Image-2025-09-26-at-11.51.09_b5e5a98d.jpg 750w, https:\/\/www.childrensfootballalliance.com\/football-and-peace\/wp-content\/uploads\/2025\/09\/WhatsApp-Image-2025-09-26-at-11.51.09_b5e5a98d-225x300.jpg 225w\" sizes=\"(max-width: 750px) 100vw, 750px\" \/><\/a><\/figure>\n\n\n\n<figure class=\"wp-block-image size-large\"><a href=\"https:\/\/www.childrensfootballalliance.com\/football-and-peace\/wp-content\/uploads\/2025\/09\/WhatsApp-Image-2025-09-26-at-11.51.12_2cca4cc6.jpg\"><img loading=\"lazy\" decoding=\"async\" width=\"1000\" height=\"750\" data-id=\"8041\" src=\"https:\/\/www.childrensfootballalliance.com\/football-and-peace\/wp-content\/uploads\/2025\/09\/WhatsApp-Image-2025-09-26-at-11.51.12_2cca4cc6.jpg\" alt=\"\" class=\"wp-image-8041\" srcset=\"https:\/\/www.childrensfootballalliance.com\/football-and-peace\/wp-content\/uploads\/2025\/09\/WhatsApp-Image-2025-09-26-at-11.51.12_2cca4cc6.jpg 1000w, https:\/\/www.childrensfootballalliance.com\/football-and-peace\/wp-content\/uploads\/2025\/09\/WhatsApp-Image-2025-09-26-at-11.51.12_2cca4cc6-300x225.jpg 300w, https:\/\/www.childrensfootballalliance.com\/football-and-peace\/wp-content\/uploads\/2025\/09\/WhatsApp-Image-2025-09-26-at-11.51.12_2cca4cc6-768x576.jpg 768w\" sizes=\"(max-width: 1000px) 100vw, 1000px\" \/><\/a><\/figure>\n\n\n\n<figure class=\"wp-block-image size-large\"><a href=\"https:\/\/www.childrensfootballalliance.com\/football-and-peace\/wp-content\/uploads\/2025\/09\/WhatsApp-Image-2025-09-26-at-11.51.13_c2143f4e.jpg\"><img loading=\"lazy\" decoding=\"async\" width=\"1024\" height=\"768\" data-id=\"8044\" src=\"https:\/\/www.childrensfootballalliance.com\/football-and-peace\/wp-content\/uploads\/2025\/09\/WhatsApp-Image-2025-09-26-at-11.51.13_c2143f4e.jpg\" alt=\"\" class=\"wp-image-8044\" srcset=\"https:\/\/www.childrensfootballalliance.com\/football-and-peace\/wp-content\/uploads\/2025\/09\/WhatsApp-Image-2025-09-26-at-11.51.13_c2143f4e.jpg 1024w, https:\/\/www.childrensfootballalliance.com\/football-and-peace\/wp-content\/uploads\/2025\/09\/WhatsApp-Image-2025-09-26-at-11.51.13_c2143f4e-300x225.jpg 300w, https:\/\/www.childrensfootballalliance.com\/football-and-peace\/wp-content\/uploads\/2025\/09\/WhatsApp-Image-2025-09-26-at-11.51.13_c2143f4e-768x576.jpg 768w\" sizes=\"(max-width: 1024px) 100vw, 1024px\" \/><\/a><\/figure>\n<\/figure>\n\n\n\n<p>Toma\u017e and his colleagues were invited to Pula on an Erasmus+ fact-finding mission where they met schoolchildren on a fun entrepreneurial challenge.  The foundations for the First Peace Pitch in Slovenia were discussed and plans are now being considered for moving forward.  <\/p>\n\n\n\n<p>Igor Jovanovi\u0107, said, &#8216;<strong>This is great news.  The prospect for a network of Peace Fields \/ Pitches across the Balkans will inspire peace education through play for many children, parents, teachers, coaches and education authorities.<\/strong>&#8216;<\/p>\n","protected":false},"excerpt":{"rendered":"<p>O\u0160 Belokranjskega odreda Semi\u010d Playground of Peace at Semi\u010d Elementary School Written by:&nbsp;Vanja Vukmanovi\u0107, Matej Matkovi\u010d&nbsp;&nbsp;Last Updated: 06 November 2025 The Semi\u010d Elementary School has recently entered the Peace Pitch [&hellip;]<\/p>\n","protected":false},"author":2,"featured_media":0,"parent":0,"menu_order":0,"comment_status":"closed","ping_status":"closed","template":"","meta":{"footnotes":""},"_links":{"self":[{"href":"https:\/\/www.childrensfootballalliance.com\/football-and-peace\/wp-json\/wp\/v2\/pages\/8037"}],"collection":[{"href":"https:\/\/www.childrensfootballalliance.com\/football-and-peace\/wp-json\/wp\/v2\/pages"}],"about":[{"href":"https:\/\/www.childrensfootballalliance.com\/football-and-peace\/wp-json\/wp\/v2\/types\/page"}],"author":[{"embeddable":true,"href":"https:\/\/www.childrensfootballalliance.com\/football-and-peace\/wp-json\/wp\/v2\/users\/2"}],"replies":[{"embeddable":true,"href":"https:\/\/www.childrensfootballalliance.com\/football-and-peace\/wp-json\/wp\/v2\/comments?post=8037"}],"version-history":[{"count":2,"href":"https:\/\/www.childrensfootballalliance.com\/football-and-peace\/wp-json\/wp\/v2\/pages\/8037\/revisions"}],"predecessor-version":[{"id":8127,"href":"https:\/\/www.childrensfootballalliance.com\/football-and-peace\/wp-json\/wp\/v2\/pages\/8037\/revisions\/8127"}],"wp:attachment":[{"href":"https:\/\/www.childrensfootballalliance.com\/football-and-peace\/wp-json\/wp\/v2\/media?parent=8037"}],"curies":[{"name":"wp","href":"https:\/\/api.w.org\/{rel}","templated":true}]}}